{"id":2031,"date":"2020-06-17T11:20:36","date_gmt":"2020-06-17T11:20:36","guid":{"rendered":"https:\/\/www.propulzija.com\/?page_id=2031"},"modified":"2023-12-05T15:47:07","modified_gmt":"2023-12-05T15:47:07","slug":"o-nama","status":"publish","type":"page","link":"https:\/\/propulzija.shooty.nl\/sr\/o-nama\/","title":{"rendered":"O nama"},"content":{"rendered":"","protected":false},"excerpt":{"rendered":"","protected":false},"author":4,"featured_media":0,"parent":0,"menu_order":0,"comment_status":"closed","ping_status":"closed","template":"page-templates\/about-us.php","meta":[],"acf":[],"yoast_head":"<!-- This site is optimized with the Yoast SEO plugin v18.0 - https:\/\/yoast.com\/wordpress\/plugins\/seo\/ -->\n<title>Upoznajte na\u0161 kreativni tim stru\u010dnjaka za dizajn i produkciju - Propulzija<\/title>\n<meta name=\"description\" content=\"Upoznajte na\u0161 tim kreativnih ljudi sa misijom da Va\u0161 brend poka\u017ee potro\u0161a\u010dima na najbolji mogu\u0107i na\u010din uz reklame i dizajn koji nije vi\u0111en ranije.\" \/>\n<meta name=\"robots\" content=\"index, follow, max-snippet:-1, max-image-preview:large, max-video-preview:-1\" \/>\n<link rel=\"canonical\" href=\"https:\/\/propulzija.shooty.nl\/sr\/o-nama\/\" \/>\n<meta property=\"og:locale\" content=\"sr_RS\" \/>\n<meta property=\"og:type\" content=\"article\" \/>\n<meta property=\"og:title\" content=\"Upoznajte na\u0161 kreativni tim stru\u010dnjaka za dizajn i produkciju - Propulzija\" \/>\n<meta property=\"og:description\" content=\"Upoznajte na\u0161 tim kreativnih ljudi sa misijom da Va\u0161 brend poka\u017ee potro\u0161a\u010dima na najbolji mogu\u0107i na\u010din uz reklame i dizajn koji nije vi\u0111en ranije.\" \/>\n<meta property=\"og:url\" content=\"https:\/\/propulzija.shooty.nl\/sr\/o-nama\/\" \/>\n<meta property=\"og:site_name\" content=\"Propulzija\" \/>\n<meta property=\"article:modified_time\" content=\"2023-12-05T15:47:07+00:00\" \/>\n<meta property=\"og:image\" content=\"https:\/\/propulzija.shooty.nl\/wp-content\/uploads\/2020\/01\/video-screen.jpg\" \/>\n\t<meta property=\"og:image:width\" content=\"1440\" \/>\n\t<meta property=\"og:image:height\" content=\"700\" \/>\n\t<meta property=\"og:image:type\" content=\"image\/jpeg\" \/>\n<meta name=\"twitter:card\" content=\"summary_large_image\" \/>\n<script type=\"application\/ld+json\" class=\"yoast-schema-graph\">{\"@context\":\"https:\/\/schema.org\",\"@graph\":[{\"@type\":\"WebSite\",\"@id\":\"https:\/\/propulzija.shooty.nl\/#website\",\"url\":\"https:\/\/propulzija.shooty.nl\/\",\"name\":\"Propulzija\",\"description\":\"POS, POP, FMCG &amp; More!\",\"potentialAction\":[{\"@type\":\"SearchAction\",\"target\":{\"@type\":\"EntryPoint\",\"urlTemplate\":\"https:\/\/propulzija.shooty.nl\/?s={search_term_string}\"},\"query-input\":\"required name=search_term_string\"}],\"inLanguage\":\"sr-RS\"},{\"@type\":\"WebPage\",\"@id\":\"https:\/\/propulzija.shooty.nl\/sr\/o-nama\/#webpage\",\"url\":\"https:\/\/propulzija.shooty.nl\/sr\/o-nama\/\",\"name\":\"Upoznajte na\u0161 kreativni tim stru\u010dnjaka za dizajn i produkciju - Propulzija\",\"isPartOf\":{\"@id\":\"https:\/\/propulzija.shooty.nl\/#website\"},\"datePublished\":\"2020-06-17T11:20:36+00:00\",\"dateModified\":\"2023-12-05T15:47:07+00:00\",\"description\":\"Upoznajte na\u0161 tim kreativnih ljudi sa misijom da Va\u0161 brend poka\u017ee potro\u0161a\u010dima na najbolji mogu\u0107i na\u010din uz reklame i dizajn koji nije vi\u0111en ranije.\",\"breadcrumb\":{\"@id\":\"https:\/\/propulzija.shooty.nl\/sr\/o-nama\/#breadcrumb\"},\"inLanguage\":\"sr-RS\",\"potentialAction\":[{\"@type\":\"ReadAction\",\"target\":[\"https:\/\/propulzija.shooty.nl\/sr\/o-nama\/\"]}]},{\"@type\":\"BreadcrumbList\",\"@id\":\"https:\/\/propulzija.shooty.nl\/sr\/o-nama\/#breadcrumb\",\"itemListElement\":[{\"@type\":\"ListItem\",\"position\":1,\"name\":\"Home\",\"item\":\"https:\/\/propulzija.shooty.nl\/sr\/\"},{\"@type\":\"ListItem\",\"position\":2,\"name\":\"O nama\"}]}]}<\/script>\n<!-- \/ Yoast SEO plugin. -->","yoast_head_json":{"title":"Upoznajte na\u0161 kreativni tim stru\u010dnjaka za dizajn i produkciju - Propulzija","description":"Upoznajte na\u0161 tim kreativnih ljudi sa misijom da Va\u0161 brend poka\u017ee potro\u0161a\u010dima na najbolji mogu\u0107i na\u010din uz reklame i dizajn koji nije vi\u0111en ranije.","robots":{"index":"index","follow":"follow","max-snippet":"max-snippet:-1","max-image-preview":"max-image-preview:large","max-video-preview":"max-video-preview:-1"},"canonical":"https:\/\/propulzija.shooty.nl\/sr\/o-nama\/","og_locale":"sr_RS","og_type":"article","og_title":"Upoznajte na\u0161 kreativni tim stru\u010dnjaka za dizajn i produkciju - Propulzija","og_description":"Upoznajte na\u0161 tim kreativnih ljudi sa misijom da Va\u0161 brend poka\u017ee potro\u0161a\u010dima na najbolji mogu\u0107i na\u010din uz reklame i dizajn koji nije vi\u0111en ranije.","og_url":"https:\/\/propulzija.shooty.nl\/sr\/o-nama\/","og_site_name":"Propulzija","article_modified_time":"2023-12-05T15:47:07+00:00","og_image":[{"width":1440,"height":700,"url":"https:\/\/propulzija.shooty.nl\/wp-content\/uploads\/2020\/01\/video-screen.jpg","type":"image\/jpeg"}],"twitter_card":"summary_large_image","schema":{"@context":"https:\/\/schema.org","@graph":[{"@type":"WebSite","@id":"https:\/\/propulzija.shooty.nl\/#website","url":"https:\/\/propulzija.shooty.nl\/","name":"Propulzija","description":"POS, POP, FMCG &amp; More!","potentialAction":[{"@type":"SearchAction","target":{"@type":"EntryPoint","urlTemplate":"https:\/\/propulzija.shooty.nl\/?s={search_term_string}"},"query-input":"required name=search_term_string"}],"inLanguage":"sr-RS"},{"@type":"WebPage","@id":"https:\/\/propulzija.shooty.nl\/sr\/o-nama\/#webpage","url":"https:\/\/propulzija.shooty.nl\/sr\/o-nama\/","name":"Upoznajte na\u0161 kreativni tim stru\u010dnjaka za dizajn i produkciju - Propulzija","isPartOf":{"@id":"https:\/\/propulzija.shooty.nl\/#website"},"datePublished":"2020-06-17T11:20:36+00:00","dateModified":"2023-12-05T15:47:07+00:00","description":"Upoznajte na\u0161 tim kreativnih ljudi sa misijom da Va\u0161 brend poka\u017ee potro\u0161a\u010dima na najbolji mogu\u0107i na\u010din uz reklame i dizajn koji nije vi\u0111en ranije.","breadcrumb":{"@id":"https:\/\/propulzija.shooty.nl\/sr\/o-nama\/#breadcrumb"},"inLanguage":"sr-RS","potentialAction":[{"@type":"ReadAction","target":["https:\/\/propulzija.shooty.nl\/sr\/o-nama\/"]}]},{"@type":"BreadcrumbList","@id":"https:\/\/propulzija.shooty.nl\/sr\/o-nama\/#breadcrumb","itemListElement":[{"@type":"ListItem","position":1,"name":"Home","item":"https:\/\/propulzija.shooty.nl\/sr\/"},{"@type":"ListItem","position":2,"name":"O nama"}]}]}},"_links":{"self":[{"href":"https:\/\/propulzija.shooty.nl\/sr\/wp-json\/wp\/v2\/pages\/2031"}],"collection":[{"href":"https:\/\/propulzija.shooty.nl\/sr\/wp-json\/wp\/v2\/pages"}],"about":[{"href":"https:\/\/propulzija.shooty.nl\/sr\/wp-json\/wp\/v2\/types\/page"}],"author":[{"embeddable":true,"href":"https:\/\/propulzija.shooty.nl\/sr\/wp-json\/wp\/v2\/users\/4"}],"replies":[{"embeddable":true,"href":"https:\/\/propulzija.shooty.nl\/sr\/wp-json\/wp\/v2\/comments?post=2031"}],"version-history":[{"count":119,"href":"https:\/\/propulzija.shooty.nl\/sr\/wp-json\/wp\/v2\/pages\/2031\/revisions"}],"predecessor-version":[{"id":11855,"href":"https:\/\/propulzija.shooty.nl\/sr\/wp-json\/wp\/v2\/pages\/2031\/revisions\/11855"}],"wp:attachment":[{"href":"https:\/\/propulzija.shooty.nl\/sr\/wp-json\/wp\/v2\/media?parent=2031"}],"curies":[{"name":"wp","href":"https:\/\/api.w.org\/{rel}","templated":true}]}}