{"id":2047,"date":"2020-06-17T11:42:37","date_gmt":"2020-06-17T11:42:37","guid":{"rendered":"https:\/\/www.propulzija.com\/?page_id=2047"},"modified":"2020-06-30T09:08:26","modified_gmt":"2020-06-30T09:08:26","slug":"procesi","status":"publish","type":"page","link":"https:\/\/propulzija.shooty.nl\/sr\/procesi\/","title":{"rendered":"Procesi"},"content":{"rendered":"","protected":false},"excerpt":{"rendered":"","protected":false},"author":4,"featured_media":0,"parent":0,"menu_order":0,"comment_status":"closed","ping_status":"closed","template":"page-templates\/processes.php","meta":[],"acf":[],"yoast_head":"<!-- This site is optimized with the Yoast SEO plugin v18.0 - https:\/\/yoast.com\/wordpress\/plugins\/seo\/ -->\n<title>Saznajte vi\u0161e o na\u0161em na\u010dinu rada i procesima - Propulzija<\/title>\n<meta name=\"description\" content=\"Saznajte sve o na\u0161im procesima koji su potrebni da se va\u0161a ideja realizuje, od po\u010detka do kraja. Upoznajte na\u0161 sistem rada.\" \/>\n<meta name=\"robots\" content=\"index, follow, max-snippet:-1, max-image-preview:large, max-video-preview:-1\" \/>\n<link rel=\"canonical\" href=\"https:\/\/propulzija.shooty.nl\/sr\/procesi\/\" \/>\n<meta property=\"og:locale\" content=\"sr_RS\" \/>\n<meta property=\"og:type\" content=\"article\" \/>\n<meta property=\"og:title\" content=\"Saznajte vi\u0161e o na\u0161em na\u010dinu rada i procesima - Propulzija\" \/>\n<meta property=\"og:description\" content=\"Saznajte sve o na\u0161im procesima koji su potrebni da se va\u0161a ideja realizuje, od po\u010detka do kraja. Upoznajte na\u0161 sistem rada.\" \/>\n<meta property=\"og:url\" content=\"https:\/\/propulzija.shooty.nl\/sr\/procesi\/\" \/>\n<meta property=\"og:site_name\" content=\"Propulzija\" \/>\n<meta property=\"article:modified_time\" content=\"2020-06-30T09:08:26+00:00\" \/>\n<meta property=\"og:image\" content=\"https:\/\/propulzija.shooty.nl\/wp-content\/uploads\/2020\/01\/video-screen.jpg\" \/>\n\t<meta property=\"og:image:width\" content=\"1440\" \/>\n\t<meta property=\"og:image:height\" content=\"700\" \/>\n\t<meta property=\"og:image:type\" content=\"image\/jpeg\" \/>\n<meta name=\"twitter:card\" content=\"summary_large_image\" \/>\n<script type=\"application\/ld+json\" class=\"yoast-schema-graph\">{\"@context\":\"https:\/\/schema.org\",\"@graph\":[{\"@type\":\"WebSite\",\"@id\":\"https:\/\/propulzija.shooty.nl\/#website\",\"url\":\"https:\/\/propulzija.shooty.nl\/\",\"name\":\"Propulzija\",\"description\":\"POS, POP, FMCG &amp; More!\",\"potentialAction\":[{\"@type\":\"SearchAction\",\"target\":{\"@type\":\"EntryPoint\",\"urlTemplate\":\"https:\/\/propulzija.shooty.nl\/?s={search_term_string}\"},\"query-input\":\"required name=search_term_string\"}],\"inLanguage\":\"sr-RS\"},{\"@type\":\"WebPage\",\"@id\":\"https:\/\/propulzija.shooty.nl\/sr\/procesi\/#webpage\",\"url\":\"https:\/\/propulzija.shooty.nl\/sr\/procesi\/\",\"name\":\"Saznajte vi\u0161e o na\u0161em na\u010dinu rada i procesima - Propulzija\",\"isPartOf\":{\"@id\":\"https:\/\/propulzija.shooty.nl\/#website\"},\"datePublished\":\"2020-06-17T11:42:37+00:00\",\"dateModified\":\"2020-06-30T09:08:26+00:00\",\"description\":\"Saznajte sve o na\u0161im procesima koji su potrebni da se va\u0161a ideja realizuje, od po\u010detka do kraja. Upoznajte na\u0161 sistem rada.\",\"breadcrumb\":{\"@id\":\"https:\/\/propulzija.shooty.nl\/sr\/procesi\/#breadcrumb\"},\"inLanguage\":\"sr-RS\",\"potentialAction\":[{\"@type\":\"ReadAction\",\"target\":[\"https:\/\/propulzija.shooty.nl\/sr\/procesi\/\"]}]},{\"@type\":\"BreadcrumbList\",\"@id\":\"https:\/\/propulzija.shooty.nl\/sr\/procesi\/#breadcrumb\",\"itemListElement\":[{\"@type\":\"ListItem\",\"position\":1,\"name\":\"Home\",\"item\":\"https:\/\/propulzija.shooty.nl\/sr\/\"},{\"@type\":\"ListItem\",\"position\":2,\"name\":\"Procesi\"}]}]}<\/script>\n<!-- \/ Yoast SEO plugin. -->","yoast_head_json":{"title":"Saznajte vi\u0161e o na\u0161em na\u010dinu rada i procesima - Propulzija","description":"Saznajte sve o na\u0161im procesima koji su potrebni da se va\u0161a ideja realizuje, od po\u010detka do kraja. Upoznajte na\u0161 sistem rada.","robots":{"index":"index","follow":"follow","max-snippet":"max-snippet:-1","max-image-preview":"max-image-preview:large","max-video-preview":"max-video-preview:-1"},"canonical":"https:\/\/propulzija.shooty.nl\/sr\/procesi\/","og_locale":"sr_RS","og_type":"article","og_title":"Saznajte vi\u0161e o na\u0161em na\u010dinu rada i procesima - Propulzija","og_description":"Saznajte sve o na\u0161im procesima koji su potrebni da se va\u0161a ideja realizuje, od po\u010detka do kraja. Upoznajte na\u0161 sistem rada.","og_url":"https:\/\/propulzija.shooty.nl\/sr\/procesi\/","og_site_name":"Propulzija","article_modified_time":"2020-06-30T09:08:26+00:00","og_image":[{"width":1440,"height":700,"url":"https:\/\/propulzija.shooty.nl\/wp-content\/uploads\/2020\/01\/video-screen.jpg","type":"image\/jpeg"}],"twitter_card":"summary_large_image","schema":{"@context":"https:\/\/schema.org","@graph":[{"@type":"WebSite","@id":"https:\/\/propulzija.shooty.nl\/#website","url":"https:\/\/propulzija.shooty.nl\/","name":"Propulzija","description":"POS, POP, FMCG &amp; More!","potentialAction":[{"@type":"SearchAction","target":{"@type":"EntryPoint","urlTemplate":"https:\/\/propulzija.shooty.nl\/?s={search_term_string}"},"query-input":"required name=search_term_string"}],"inLanguage":"sr-RS"},{"@type":"WebPage","@id":"https:\/\/propulzija.shooty.nl\/sr\/procesi\/#webpage","url":"https:\/\/propulzija.shooty.nl\/sr\/procesi\/","name":"Saznajte vi\u0161e o na\u0161em na\u010dinu rada i procesima - Propulzija","isPartOf":{"@id":"https:\/\/propulzija.shooty.nl\/#website"},"datePublished":"2020-06-17T11:42:37+00:00","dateModified":"2020-06-30T09:08:26+00:00","description":"Saznajte sve o na\u0161im procesima koji su potrebni da se va\u0161a ideja realizuje, od po\u010detka do kraja. Upoznajte na\u0161 sistem rada.","breadcrumb":{"@id":"https:\/\/propulzija.shooty.nl\/sr\/procesi\/#breadcrumb"},"inLanguage":"sr-RS","potentialAction":[{"@type":"ReadAction","target":["https:\/\/propulzija.shooty.nl\/sr\/procesi\/"]}]},{"@type":"BreadcrumbList","@id":"https:\/\/propulzija.shooty.nl\/sr\/procesi\/#breadcrumb","itemListElement":[{"@type":"ListItem","position":1,"name":"Home","item":"https:\/\/propulzija.shooty.nl\/sr\/"},{"@type":"ListItem","position":2,"name":"Procesi"}]}]}},"_links":{"self":[{"href":"https:\/\/propulzija.shooty.nl\/sr\/wp-json\/wp\/v2\/pages\/2047"}],"collection":[{"href":"https:\/\/propulzija.shooty.nl\/sr\/wp-json\/wp\/v2\/pages"}],"about":[{"href":"https:\/\/propulzija.shooty.nl\/sr\/wp-json\/wp\/v2\/types\/page"}],"author":[{"embeddable":true,"href":"https:\/\/propulzija.shooty.nl\/sr\/wp-json\/wp\/v2\/users\/4"}],"replies":[{"embeddable":true,"href":"https:\/\/propulzija.shooty.nl\/sr\/wp-json\/wp\/v2\/comments?post=2047"}],"version-history":[{"count":5,"href":"https:\/\/propulzija.shooty.nl\/sr\/wp-json\/wp\/v2\/pages\/2047\/revisions"}],"predecessor-version":[{"id":2122,"href":"https:\/\/propulzija.shooty.nl\/sr\/wp-json\/wp\/v2\/pages\/2047\/revisions\/2122"}],"wp:attachment":[{"href":"https:\/\/propulzija.shooty.nl\/sr\/wp-json\/wp\/v2\/media?parent=2047"}],"curies":[{"name":"wp","href":"https:\/\/api.w.org\/{rel}","templated":true}]}}